{"id":9580,"date":"2024-04-13T08:05:51","date_gmt":"2024-04-13T08:05:51","guid":{"rendered":"https:\/\/petra-online.gr\/hakkimizda\/"},"modified":"2024-04-13T08:05:51","modified_gmt":"2024-04-13T08:05:51","slug":"hakkimizda","status":"publish","type":"page","link":"https:\/\/petra-online.gr\/tr\/hakkimizda\/","title":{"rendered":"Hakk\u0131m\u0131zda"},"content":{"rendered":"<section class=\"l-section wpb_row height_custom\"><div class=\"l-section-h i-cf\"><div class=\"g-cols vc_row via_grid cols_1 laptops-cols_inherit tablets-cols_inherit mobiles-cols_1 valign_top type_default stacking_default\" style=\"--gap:6rem;\"><div class=\"wpb_column vc_column_container\"><div class=\"vc_column-inner\"><div class=\"g-cols wpb_row via_grid cols_3-2 laptops-cols_inherit tablets-cols_inherit mobiles-cols_1 valign_top type_default stacking_default\" style=\"--gap:5.2rem;\"><div class=\"wpb_column vc_column_container\"><div class=\"vc_column-inner\"><h2 class=\"w-text\"><span class=\"w-text-h\"><span class=\"w-text-value\">Petraonline Hakk\u0131nda<\/span><\/span><\/h2><div class=\"wpb_text_column us_custom_5082b6b2\"><div class=\"wpb_wrapper\"><div dir=\"auto\">Olimpic Construct \u015firketi 25 y\u0131ll\u0131k tecr\u00fcbesiyle Romanya&#8217;n\u0131n en b\u00fcy\u00fck do\u011fal ta\u015f distrib\u00fct\u00f6rleri aras\u0131ndad\u0131r. D\u00fcnyan\u0131n \u00fcnl\u00fc yerlerinden en iyi dayan\u0131kl\u0131l\u0131\u011fa ve kaliteye sahip ta\u015f\u0131 se\u00e7iyor, ithal ediyor, i\u015fliyoruz.<\/div>\n<div dir=\"auto\"><\/div>\n<div dir=\"auto\">Olimpic Construct, Yunanistan, \u0130talya, T\u00fcrkiye, M\u0131s\u0131r, \u0130ran, Brezilya, Hindistan vb. \u00fclkelerdeki \u00fcreticilerle i\u015fbirli\u011fi yap\u0131yor.<\/div>\n<div dir=\"auto\"><\/div>\n<div dir=\"auto\">\u0130ster alan\u0131nda uzman olsun, ister basit yararlan\u0131c\u0131 olsun, her m\u00fc\u015fteriye kar\u015f\u0131 g\u00f6sterdi\u011fimiz ciddiyet, bizi uzun vadeli ortaklar olarak \u00f6nermektedir.<\/div>\n<div dir=\"auto\"><\/div>\n<div dir=\"auto\">Ta\u015f &#8211; do\u011fan\u0131n saf haliyle ebedi minerali, ilham veren beyinler ve yetenekli eller taraf\u0131ndan evcille\u015ftirilmeyi, cilalanmay\u0131 ve ortaya \u00e7\u0131kar\u0131lmay\u0131 bekliyor.<\/div>\n<div dir=\"auto\"><\/div>\n<div dir=\"auto\">200&#8217;den fazla malzeme \u00e7e\u015fidi sunarak ya\u015fad\u0131\u011f\u0131m\u0131z, \u00e7al\u0131\u015ft\u0131\u011f\u0131m\u0131z veya dinlendi\u011fimiz mekanlar\u0131 d\u00f6n\u00fc\u015ft\u00fcrerek ta\u015f\u0131n potansiyelinden yararlanmak istiyoruz. S\u0131n\u0131r ve taviz yoktur, hayat veren el ve ilhamd\u0131r.<\/div>\n<div dir=\"auto\"><\/div>\n<div dir=\"auto\">Olimpic Construct bizimle ileti\u015fime ge\u00e7ti\u011finiz andan itibaren destek sunarak en do\u011fru karar\u0131 vermenize yard\u0131mc\u0131 oluyor. \u00dcr\u00fcnlerin nakliyesinin yan\u0131 s\u0131ra kesme, \u015fekillendirme ve bitirme hizmetleri, montaj ve i\u015flem i\u00e7in gerekli aksesuarlar\u0131 (yap\u0131\u015ft\u0131r\u0131c\u0131, derz macunu, ta\u015f \u00e7\u00f6z\u00fcmleri) sunarak m\u00fc\u015fterilerimizi kar\u015f\u0131l\u0131yoruz.<\/div>\n<div dir=\"auto\"><\/div>\n<div dir=\"auto\">PETRAONLINE her zaman merakl\u0131 insanlar\u0131n fark yaratmak i\u00e7in geldi\u011fi yeni fikirlerin ve yenilik\u00e7i \u00e7\u00f6z\u00fcmlerin kayna\u011f\u0131 olmu\u015ftur. Ancak bug\u00fcn kar\u015f\u0131 kar\u015f\u0131ya oldu\u011fumuz zorluklar\u0131n boyutu ve aciliyeti, Stanford&#8217;un ge\u00e7mi\u015fte bizi ba\u015far\u0131l\u0131 k\u0131lan \u015feyleri g\u00fc\u00e7lendirmesini ve fark yaratman\u0131n yeni yollar\u0131n\u0131 tan\u0131mlamas\u0131n\u0131 gerektiriyor. D\u00fcnyan\u0131n ihtiya\u00e7 duyulan yerlerinde bilginin uygulanmas\u0131 i\u00e7in yeni yollar yarat\u0131rken t\u00fcm alanlarda ke\u015fif yollar\u0131n\u0131 geni\u015fletiyoruz. Ayn\u0131 zamanda yeni fikirlerin etik de\u011ferlere dayanmas\u0131n\u0131 ve \u00e7\u00f6z\u00fcmlerin farkl\u0131 bak\u0131\u015f a\u00e7\u0131lar\u0131ndan faydalanmas\u0131n\u0131 sa\u011fl\u0131yoruz.<\/div>\n<\/div><\/div><\/div><\/div><div class=\"wpb_column vc_column_container\"><div class=\"vc_column-inner\"><div class=\"w-image align_none\"><div class=\"w-image-h\"><img decoding=\"async\" width=\"398\" height=\"357\" src=\"https:\/\/petra-online.gr\/wp-content\/uploads\/2024\/04\/logo-petra.png\" class=\"attachment-full size-full\" alt=\"\" loading=\"lazy\" srcset=\"https:\/\/petra-online.gr\/wp-content\/uploads\/2024\/04\/logo-petra.png 398w, https:\/\/petra-online.gr\/wp-content\/uploads\/2024\/04\/logo-petra-300x269.png 300w\" sizes=\"(max-width: 398px) 100vw, 398px\" \/><\/div><\/div><\/div><\/div><\/div><div class=\"wpb_text_column us_custom_5082b6b2\"><div class=\"wpb_wrapper\"><h3 dir=\"auto\"><\/h3>\n<h3 dir=\"auto\"><strong>Vizyonumuz<\/strong><\/h3>\n<div dir=\"auto\">Vizyonumuz, Stanford&#8217;un ara\u015ft\u0131rma, teknoloji ve etki konusundaki yakla\u015f\u0131m\u0131na rehberlik eder ve bilginin olu\u015fturulmas\u0131n\u0131 ve uygulanmas\u0131n\u0131 h\u0131zland\u0131ran, ara\u015ft\u0131rma ve e\u011fitimi etik ve sivil sorumluluk alan\u0131na sabitleyen ve faaliyetlerimiz genelinde eri\u015fimi ve kat\u0131l\u0131m\u0131 te\u015fvik eden yeni giri\u015fimleri i\u00e7erir. Ayr\u0131ca fikirleri eyleme ge\u00e7irmek i\u00e7in toplulu\u011fumuzda ve d\u00fcnyada daha derin ortakl\u0131klar kurman\u0131n gereklili\u011fini kabul ediyor.<\/div>\n<\/div><\/div><\/div><\/div><\/div><\/div><\/section><section class=\"l-section wpb_row height_auto\"><div class=\"l-section-h i-cf\"><div class=\"g-cols vc_row via_grid cols_2 laptops-cols_inherit tablets-cols_1 mobiles-cols_1 valign_middle type_default stacking_default\" style=\"--gap:0rem;\"><div class=\"wpb_column vc_column_container us_custom_5a304fb7 hide_on_tablets hide_on_mobiles has_bg_color\"><div class=\"vc_column-inner\"><\/div><\/div><div class=\"wpb_column vc_column_container us_custom_8e076a1a has_text_color has_bg_color\"><div class=\"vc_column-inner\"><div class=\"wpb_text_column\"><div class=\"wpb_wrapper\"><h3>Bize bir sorunuz mu var? Buradayd\u0131.<\/h3>\n<\/div><\/div><div class=\"w-separator size_custom\" style=\"height:40px\"><\/div><form class=\"w-form  layout_ver for_cform us_form_1\" autocomplete=\"off\" action=\"https:\/\/petra-online.gr\/tr\/wp-json\/wp\/v2\/pages\/9580\" method=\"post\"><div class=\"w-form-h\"><div class=\"w-form-row for_text required\">\r\n\t\t<div class=\"w-form-row-field\">\r\n\t\t\t\t\t\t<input aria-label=\"Your Name...\" type=\"text\" name=\"us_form_1_text_1\" value placeholder=\"Your Name... *\" data-required=\"true\" aria-required=\"true\"\/>\r\n\t\t\t<\/div>\r\n\t\t<div class=\"w-form-row-state\">Fill out this field<\/div>\r\n<\/div>\r\n<div class=\"w-form-row for_text required\">\r\n\t\t<div class=\"w-form-row-field\">\r\n\t\t\t\t\t\t<input aria-label=\"Your Number...\" type=\"text\" name=\"us_form_1_text_2\" value placeholder=\"Your Number... *\" data-required=\"true\" aria-required=\"true\"\/>\r\n\t\t\t<\/div>\r\n\t\t<div class=\"w-form-row-state\">Fill out this field<\/div>\r\n<\/div>\r\n<div class=\"w-form-row for_textarea\">\r\n\t\t<div class=\"w-form-row-field\">\r\n\t\t\t\t\t\t<textarea aria-label=\"Message...\" name=\"us_form_1_textarea_1\" placeholder=\"Message...\"><\/textarea>\r\n\t\t\t<\/div>\r\n\t\t<div class=\"w-form-row-state\">Fill out this field<\/div>\r\n<\/div>\r\n<input type=\"hidden\" name=\"action\" value=\"us_ajax_cform\" \/>\r\n<input type=\"hidden\" name=\"post_id\" value=\"0\" \/>\r\n<input type=\"hidden\" name=\"form_index\" value=\"1\" \/>\r\n<div class=\"w-form-row for_submit align_justify\">\r\n\t<button class=\"w-btn  us-btn-style_4\" aria-label=\"Send Message\" type=\"submit\">\r\n\t\t<span class=\"g-preloader type_1\"><\/span>\r\n\t\t\t\t<span class=\"w-btn-label\">Send Message<\/span>\r\n\t\t\t<\/button>\r\n\t<\/div>\r\n<\/div><div class=\"w-form-message\"><\/div><div class=\"w-form-json hidden\" onclick='return {&quot;ajaxurl&quot;:&quot;https:\\\/\\\/petra-online.gr\\\/wp-admin\\\/admin-ajax.php&quot;,&quot;messages&quot;:{&quot;err_empty&quot;:&quot;Fill out this field&quot;,&quot;err_size&quot;:&quot;File size cannot exceed %s MB&quot;,&quot;err_extension&quot;:&quot;%s file type is not allowed&quot;}}'><\/div><\/form><\/div><\/div><\/div><\/div><\/section><section class=\"l-section wpb_row us_custom_d85fca8a height_custom\"><div class=\"l-section-h i-cf\"><div class=\"g-cols vc_row via_grid cols_4 laptops-cols_inherit tablets-cols_inherit mobiles-cols_1 valign_top type_default stacking_default\" style=\"--gap:3.5rem;\"><div class=\"wpb_column vc_column_container\"><div class=\"vc_column-inner\"><h3 class=\"w-text\"><span class=\"w-text-h\"><span class=\"w-text-value\">Merkez<\/span><\/span><\/h3><div class=\"wpb_text_column\"><div class=\"wpb_wrapper\"><p>Karolou Ntel. Thesaliniki. Grecce<\/p>\n<\/div><\/div><\/div><\/div><div class=\"wpb_column vc_column_container\"><div class=\"vc_column-inner\"><h3 class=\"w-text\"><span class=\"w-text-h\"><span class=\"w-text-value\">E-posta<\/span><\/span><\/h3><div class=\"wpb_text_column\"><div class=\"wpb_wrapper\"><p><a href=\"mailto:manager@petra-online.gr\" target=\"_blank\" rel=\"noopener\">manager@petra-online.gr<\/a><\/p>\n<p><a href=\"mailto:sales@petra-online.gr\" target=\"_blank\" rel=\"noopener\">sales@petra-online.gr<\/a><\/p>\n<p><a href=\"mailto:marketing@petra-online.gr\">marketing@petra-online.gr<\/a><\/p>\n<\/div><\/div><\/div><\/div><div class=\"wpb_column vc_column_container\"><div class=\"vc_column-inner\"><h3 class=\"w-text\"><span class=\"w-text-h\"><span class=\"w-text-value\">\u00c7al\u0131\u015fma saatleri<\/span><\/span><\/h3><div class=\"wpb_text_column\"><div class=\"wpb_wrapper\"><p>Pazartesi \u2013 Per\u015fembe 10:00 \u2013 19:00<br \/>\nCumartesi 17:00 \u2013 19:00<br \/>\nPazar 8:30 \u2013 13:00<\/p>\n<\/div><\/div><\/div><\/div><div class=\"wpb_column vc_column_container\"><div class=\"vc_column-inner\"><h3 class=\"w-text\"><span class=\"w-text-h\"><span class=\"w-text-value\">Telefon<\/span><\/span><\/h3><div class=\"wpb_text_column\"><div class=\"wpb_wrapper\"><p>0040770171245<\/p>\n<\/div><\/div><\/div><\/div><\/div><\/div><\/section><section class=\"l-section wpb_row height_custom\"><div class=\"l-section-h i-cf\"><div class=\"g-cols vc_row via_grid cols_1 laptops-cols_inherit tablets-cols_inherit mobiles-cols_1 valign_top type_default stacking_default\"><div class=\"wpb_column vc_column_container\"><div class=\"vc_column-inner\"><div class=\"w-map provider_google\" id=\"us_map_1\"><div class=\"w-map-inner\"><div class=\"w-map-json\" onclick='return {&quot;address&quot;:&quot;40.6330467655372, 22.94357379536172&quot;,&quot;disableDragging&quot;:0,&quot;disableZoom&quot;:0,&quot;hideControls&quot;:0,&quot;zoom&quot;:14,&quot;markers&quot;:[{&quot;address&quot;:&quot;40.6330467655372, 22.94357379536172&quot;,&quot;html&quot;:&quot;&lt;h6&gt;Hey, we are here!&lt;\\\/h6&gt;&lt;p&gt;We will be glad to see you in our office.&lt;\\\/p&gt;&quot;,&quot;infowindow&quot;:&quot;1&quot;},{&quot;address&quot;:&quot;Karolou Ntel. Thesaliniki. Grecce&quot;,&quot;html&quot;:&quot;Karolou Ntel. Thesaliniki. Grecce&quot;,&quot;marker_img&quot;:null,&quot;marker_size&quot;:[&quot;30&quot;,&quot;30&quot;]}],&quot;maptype&quot;:&quot;ROADMAP&quot;}'><\/div><\/div><\/div><\/div><\/div><\/div><\/div><\/section>\n","protected":false},"excerpt":{"rendered":"Petraonline Hakk\u0131ndaOlimpic Construct \u015firketi 25 y\u0131ll\u0131k tecr\u00fcbesiyle Romanya&#8217;n\u0131n en b\u00fcy\u00fck do\u011fal ta\u015f distrib\u00fct\u00f6rleri aras\u0131ndad\u0131r. D\u00fcnyan\u0131n \u00fcnl\u00fc yerlerinden en iyi dayan\u0131kl\u0131l\u0131\u011fa ve kaliteye sahip ta\u015f\u0131 se\u00e7iyor, ithal ediyor, i\u015fliyoruz. Olimpic Construct, Yunanistan, \u0130talya, T\u00fcrkiye, M\u0131s\u0131r, \u0130ran, Brezilya, Hindistan vb. \u00fclkelerdeki \u00fcreticilerle i\u015fbirli\u011fi yap\u0131yor. \u0130ster alan\u0131nda uzman olsun, ister basit yararlan\u0131c\u0131 olsun, her m\u00fc\u015fteriye kar\u015f\u0131 g\u00f6sterdi\u011fimiz ciddiyet,...","protected":false},"author":11,"featured_media":0,"parent":0,"menu_order":0,"comment_status":"closed","ping_status":"closed","template":"","meta":{"_joinchat":[],"footnotes":""},"class_list":["post-9580","page","type-page","status-publish","hentry"],"yoast_head":"<!-- This site is optimized with the Yoast SEO plugin v24.4 - https:\/\/yoast.com\/wordpress\/plugins\/seo\/ -->\n<title>Hakk\u0131m\u0131zda - Petra Online<\/title>\n<meta name=\"robots\" content=\"index, follow, max-snippet:-1, max-image-preview:large, max-video-preview:-1\" \/>\n<link rel=\"canonical\" href=\"https:\/\/petra-online.gr\/tr\/hakkimizda\/\" \/>\n<meta property=\"og:locale\" content=\"tr_TR\" \/>\n<meta property=\"og:type\" content=\"article\" \/>\n<meta property=\"og:title\" content=\"Hakk\u0131m\u0131zda - Petra Online\" \/>\n<meta property=\"og:url\" content=\"https:\/\/petra-online.gr\/tr\/hakkimizda\/\" \/>\n<meta property=\"og:site_name\" content=\"Petra Online\" \/>\n<meta name=\"twitter:card\" content=\"summary_large_image\" \/>\n<meta name=\"twitter:label1\" content=\"Tahmini okuma s\u00fcresi\" \/>\n\t<meta name=\"twitter:data1\" content=\"5 dakika\" \/>\n<script type=\"application\/ld+json\" class=\"yoast-schema-graph\">{\"@context\":\"https:\/\/schema.org\",\"@graph\":[{\"@type\":\"WebPage\",\"@id\":\"https:\/\/petra-online.gr\/tr\/hakkimizda\/\",\"url\":\"https:\/\/petra-online.gr\/tr\/hakkimizda\/\",\"name\":\"Hakk\u0131m\u0131zda - Petra Online\",\"isPartOf\":{\"@id\":\"https:\/\/petra-online.gr\/#website\"},\"datePublished\":\"2024-04-13T08:05:51+00:00\",\"breadcrumb\":{\"@id\":\"https:\/\/petra-online.gr\/tr\/hakkimizda\/#breadcrumb\"},\"inLanguage\":\"tr\",\"potentialAction\":[{\"@type\":\"ReadAction\",\"target\":[\"https:\/\/petra-online.gr\/tr\/hakkimizda\/\"]}]},{\"@type\":\"BreadcrumbList\",\"@id\":\"https:\/\/petra-online.gr\/tr\/hakkimizda\/#breadcrumb\",\"itemListElement\":[{\"@type\":\"ListItem\",\"position\":1,\"name\":\"Home\",\"item\":\"https:\/\/petra-online.gr\/tr\/home-page\/\"},{\"@type\":\"ListItem\",\"position\":2,\"name\":\"Hakk\u0131m\u0131zda\"}]},{\"@type\":\"WebSite\",\"@id\":\"https:\/\/petra-online.gr\/#website\",\"url\":\"https:\/\/petra-online.gr\/\",\"name\":\"Petra Online\",\"description\":\"Stones Processing Company\",\"potentialAction\":[{\"@type\":\"SearchAction\",\"target\":{\"@type\":\"EntryPoint\",\"urlTemplate\":\"https:\/\/petra-online.gr\/?s={search_term_string}\"},\"query-input\":{\"@type\":\"PropertyValueSpecification\",\"valueRequired\":true,\"valueName\":\"search_term_string\"}}],\"inLanguage\":\"tr\"}]}<\/script>\n<!-- \/ Yoast SEO plugin. -->","yoast_head_json":{"title":"Hakk\u0131m\u0131zda - Petra Online","robots":{"index":"index","follow":"follow","max-snippet":"max-snippet:-1","max-image-preview":"max-image-preview:large","max-video-preview":"max-video-preview:-1"},"canonical":"https:\/\/petra-online.gr\/tr\/hakkimizda\/","og_locale":"tr_TR","og_type":"article","og_title":"Hakk\u0131m\u0131zda - Petra Online","og_url":"https:\/\/petra-online.gr\/tr\/hakkimizda\/","og_site_name":"Petra Online","twitter_card":"summary_large_image","twitter_misc":{"Tahmini okuma s\u00fcresi":"5 dakika"},"schema":{"@context":"https:\/\/schema.org","@graph":[{"@type":"WebPage","@id":"https:\/\/petra-online.gr\/tr\/hakkimizda\/","url":"https:\/\/petra-online.gr\/tr\/hakkimizda\/","name":"Hakk\u0131m\u0131zda - Petra Online","isPartOf":{"@id":"https:\/\/petra-online.gr\/#website"},"datePublished":"2024-04-13T08:05:51+00:00","breadcrumb":{"@id":"https:\/\/petra-online.gr\/tr\/hakkimizda\/#breadcrumb"},"inLanguage":"tr","potentialAction":[{"@type":"ReadAction","target":["https:\/\/petra-online.gr\/tr\/hakkimizda\/"]}]},{"@type":"BreadcrumbList","@id":"https:\/\/petra-online.gr\/tr\/hakkimizda\/#breadcrumb","itemListElement":[{"@type":"ListItem","position":1,"name":"Home","item":"https:\/\/petra-online.gr\/tr\/home-page\/"},{"@type":"ListItem","position":2,"name":"Hakk\u0131m\u0131zda"}]},{"@type":"WebSite","@id":"https:\/\/petra-online.gr\/#website","url":"https:\/\/petra-online.gr\/","name":"Petra Online","description":"Stones Processing Company","potentialAction":[{"@type":"SearchAction","target":{"@type":"EntryPoint","urlTemplate":"https:\/\/petra-online.gr\/?s={search_term_string}"},"query-input":{"@type":"PropertyValueSpecification","valueRequired":true,"valueName":"search_term_string"}}],"inLanguage":"tr"}]}},"_links":{"self":[{"href":"https:\/\/petra-online.gr\/tr\/wp-json\/wp\/v2\/pages\/9580"}],"collection":[{"href":"https:\/\/petra-online.gr\/tr\/wp-json\/wp\/v2\/pages"}],"about":[{"href":"https:\/\/petra-online.gr\/tr\/wp-json\/wp\/v2\/types\/page"}],"author":[{"embeddable":true,"href":"https:\/\/petra-online.gr\/tr\/wp-json\/wp\/v2\/users\/11"}],"replies":[{"embeddable":true,"href":"https:\/\/petra-online.gr\/tr\/wp-json\/wp\/v2\/comments?post=9580"}],"version-history":[{"count":0,"href":"https:\/\/petra-online.gr\/tr\/wp-json\/wp\/v2\/pages\/9580\/revisions"}],"wp:attachment":[{"href":"https:\/\/petra-online.gr\/tr\/wp-json\/wp\/v2\/media?parent=9580"}],"curies":[{"name":"wp","href":"https:\/\/api.w.org\/{rel}","templated":true}]}}