{"id":9578,"date":"2024-04-13T08:05:51","date_gmt":"2024-04-13T08:05:51","guid":{"rendered":"https:\/\/petra-online.gr\/despre-noi\/"},"modified":"2025-02-10T17:49:28","modified_gmt":"2025-02-10T17:49:28","slug":"despre-noi","status":"publish","type":"page","link":"https:\/\/petra-online.gr\/ro\/despre-noi\/","title":{"rendered":"Despre noi"},"content":{"rendered":"<section class=\"l-section wpb_row height_custom\"><div class=\"l-section-h i-cf\"><div class=\"g-cols vc_row via_grid cols_1 laptops-cols_inherit tablets-cols_inherit mobiles-cols_1 valign_top type_default stacking_default\" style=\"--gap:6rem;\"><div class=\"wpb_column vc_column_container\"><div class=\"vc_column-inner\"><div class=\"g-cols wpb_row via_grid cols_3-2 laptops-cols_inherit tablets-cols_inherit mobiles-cols_1 valign_top type_default stacking_default\" style=\"--gap:5.2rem;\"><div class=\"wpb_column vc_column_container\"><div class=\"vc_column-inner\"><h2 class=\"w-text\"><span class=\"w-text-h\"><span class=\"w-text-value\">Despre Petraonline<\/span><\/span><\/h2><div class=\"wpb_text_column us_custom_5082b6b2\"><div class=\"wpb_wrapper\"><div dir=\"auto\">Cu o experien\u021b\u0103 de 25 de ani, compania Olimpic Construct se num\u0103r\u0103 printre cei mai mari distribuitori de piatr\u0103 natural\u0103 din Rom\u00e2nia. Select\u0103m, import\u0103m, prelucr\u0103m piatra de cea mai bun\u0103 rezisten\u021b\u0103 \u0219i calitate din locuri renumite din lume.<\/div>\n<div dir=\"auto\">\u00a0<\/div>\n<div dir=\"auto\">Olimpic Construct colaboreaz\u0103 cu produc\u0103tori din Grecia, Italia, Turcia, Egipt, Iran, Brazilia, India etc.<\/div>\n<div dir=\"auto\">\u00a0<\/div>\n<div dir=\"auto\">Seriozitatea cu care trat\u0103m fiecare client, fie el specialist \u00een domeniu sau simplu beneficiar, ne recomand\u0103 ca parteneri pe termen lung.<\/div>\n<div dir=\"auto\">\u00a0<\/div>\n<div dir=\"auto\">Piatra &#8211; mineralul etern al naturii \u00een stare pur\u0103 a\u0219teapt\u0103 s\u0103 fie \u00eembl\u00e2nzit, lustruit \u0219i dezv\u0103luit de min\u021bi inspirate \u0219i m\u00e2ini pricepute.<\/div>\n<div dir=\"auto\">\u00a0<\/div>\n<div dir=\"auto\">Dorim s\u0103 valorific\u0103m poten\u021bialul pietrei transform\u00e2nd spa\u021biile \u00een care locuim, lucr\u0103m sau ne relax\u0103m, oferind mai mult de 200 de tipuri de materiale. Nu exist\u0103 limite \u0219i compromisuri, m\u00e2na \u0219i inspira\u021bia sunt cele care dau via\u021b\u0103.<\/div>\n<div dir=\"auto\">\u00a0<\/div>\n<div dir=\"auto\">Olimpic Construct ofer\u0103 suport din momentul \u00een care ne contacta\u021bi, ajut\u00e2ndu-v\u0103 astfel s\u0103 lua\u021bi cea mai bun\u0103 decizie. Salut\u0103m clien\u021bii oferind servicii de t\u0103iere, modelare \u0219i finisare, accesorii necesare pentru asamblare \u0219i tratare (adeziv, chit rosturi, solu\u021bii de piatr\u0103) precum \u0219i transportul produselor.<\/div>\n<div dir=\"auto\">\u00a0<\/div>\n<div dir=\"auto\">PETRAONLINE a fost \u00eentotdeauna un izvor de idei noi \u0219i solu\u021bii inovatoare, unde oamenii curio\u0219i vin s\u0103 fac\u0103 diferen\u021ba. Dar amploarea \u0219i urgen\u021ba provoc\u0103rilor cu care ne confrunt\u0103m ast\u0103zi necesit\u0103 ca Stanford s\u0103 amplifice ceea ce ne-a f\u0103cut s\u0103 avem succes \u00een trecut \u0219i s\u0103 defineasc\u0103 noi modalit\u0103\u021bi de a face diferen\u021ba. Extindem c\u0103ile de descoperire \u00een toate domeniile, cre\u00e2nd \u00een acela\u0219i timp noi c\u0103i de aplicare a cuno\u0219tin\u021belor acolo unde este nevoie \u00een lume. \u00cen acela\u0219i timp, ne asigur\u0103m c\u0103 noile idei sunt bazate pe etic\u0103 \u0219i c\u0103 solu\u021biile beneficiaz\u0103 din perspective diverse.<\/div>\n<\/div><\/div><\/div><\/div><div class=\"wpb_column vc_column_container\"><div class=\"vc_column-inner\"><div class=\"w-image align_none\"><div class=\"w-image-h\"><img decoding=\"async\" width=\"398\" height=\"357\" src=\"https:\/\/petra-online.gr\/wp-content\/uploads\/2024\/04\/logo-petra.png\" class=\"attachment-full size-full\" alt=\"\" loading=\"lazy\" srcset=\"https:\/\/petra-online.gr\/wp-content\/uploads\/2024\/04\/logo-petra.png 398w, https:\/\/petra-online.gr\/wp-content\/uploads\/2024\/04\/logo-petra-300x269.png 300w\" sizes=\"(max-width: 398px) 100vw, 398px\" \/><\/div><\/div><\/div><\/div><\/div><div class=\"wpb_text_column us_custom_5082b6b2\"><div class=\"wpb_wrapper\"><h3 dir=\"auto\">\u00a0<\/h3>\n<h3 dir=\"auto\"><strong>Viziunea noastr\u0103<\/strong><\/h3>\n<div dir=\"auto\">Viziunea noastr\u0103 ghideaz\u0103 abordarea Stanford asupra cercet\u0103rii, tehnologiei \u0219i impactului \u0219i include noi ini\u021biative care accelereaz\u0103 crearea \u0219i aplicarea cuno\u0219tin\u021belor, ancoreaz\u0103 cercetarea \u0219i educa\u021bia \u00een etic\u0103 \u0219i responsabilitate civic\u0103 \u0219i promoveaz\u0103 accesul \u0219i incluziunea \u00een activit\u0103\u021bile noastre. \u0218i recunoa\u0219te nevoia de a crea parteneriate mai profunde \u00een comunitatea noastr\u0103 \u0219i \u00een lume pentru a trece ideile \u00een ac\u021biune.<\/div>\n<\/div><\/div><\/div><\/div><\/div><\/div><\/section><section class=\"l-section wpb_row height_auto\"><div class=\"l-section-h i-cf\"><div class=\"g-cols vc_row via_grid cols_2 laptops-cols_inherit tablets-cols_1 mobiles-cols_1 valign_middle type_default stacking_default\" style=\"--gap:0rem;\"><div class=\"wpb_column vc_column_container us_custom_5a304fb7 hide_on_tablets hide_on_mobiles has_bg_color\"><div class=\"vc_column-inner\"><\/div><\/div><div class=\"wpb_column vc_column_container us_custom_8e076a1a has_text_color has_bg_color\"><div class=\"vc_column-inner\"><div class=\"wpb_text_column\"><div class=\"wpb_wrapper\"><h3>Ai o \u00eentrebare pentru noi? Suntem aici.<\/h3>\n<\/div><\/div><div class=\"w-separator size_custom\" style=\"height:40px\"><\/div><form class=\"w-form  layout_ver for_cform us_form_1\" autocomplete=\"off\" action=\"https:\/\/petra-online.gr\/ro\/wp-json\/wp\/v2\/pages\/9578\" method=\"post\"><div class=\"w-form-h\"><div class=\"w-form-row for_text required\">\r\n\t\t<div class=\"w-form-row-field\">\r\n\t\t\t\t\t\t<input aria-label=\"Your Name...\" type=\"text\" name=\"us_form_1_text_1\" value placeholder=\"Your Name... *\" data-required=\"true\" aria-required=\"true\"\/>\r\n\t\t\t<\/div>\r\n\t\t<div class=\"w-form-row-state\">Fill out this field<\/div>\r\n<\/div>\r\n<div class=\"w-form-row for_text required\">\r\n\t\t<div class=\"w-form-row-field\">\r\n\t\t\t\t\t\t<input aria-label=\"Your Number...\" type=\"text\" name=\"us_form_1_text_2\" value placeholder=\"Your Number... *\" data-required=\"true\" aria-required=\"true\"\/>\r\n\t\t\t<\/div>\r\n\t\t<div class=\"w-form-row-state\">Fill out this field<\/div>\r\n<\/div>\r\n<div class=\"w-form-row for_textarea\">\r\n\t\t<div class=\"w-form-row-field\">\r\n\t\t\t\t\t\t<textarea aria-label=\"Message...\" name=\"us_form_1_textarea_1\" placeholder=\"Message...\"><\/textarea>\r\n\t\t\t<\/div>\r\n\t\t<div class=\"w-form-row-state\">Fill out this field<\/div>\r\n<\/div>\r\n<input type=\"hidden\" name=\"action\" value=\"us_ajax_cform\" \/>\r\n<input type=\"hidden\" name=\"post_id\" value=\"0\" \/>\r\n<input type=\"hidden\" name=\"form_index\" value=\"1\" \/>\r\n<div class=\"w-form-row for_submit align_justify\">\r\n\t<button class=\"w-btn  us-btn-style_4\" aria-label=\"Send Message\" type=\"submit\">\r\n\t\t<span class=\"g-preloader type_1\"><\/span>\r\n\t\t\t\t<span class=\"w-btn-label\">Send Message<\/span>\r\n\t\t\t<\/button>\r\n\t<\/div>\r\n<\/div><div class=\"w-form-message\"><\/div><div class=\"w-form-json hidden\" onclick='return {&quot;ajaxurl&quot;:&quot;https:\\\/\\\/petra-online.gr\\\/wp-admin\\\/admin-ajax.php&quot;,&quot;messages&quot;:{&quot;err_empty&quot;:&quot;Fill out this field&quot;,&quot;err_size&quot;:&quot;File size cannot exceed %s MB&quot;,&quot;err_extension&quot;:&quot;%s file type is not allowed&quot;}}'><\/div><\/form><\/div><\/div><\/div><\/div><\/section><section class=\"l-section wpb_row us_custom_d85fca8a height_custom\"><div class=\"l-section-h i-cf\"><div class=\"g-cols vc_row via_grid cols_4 laptops-cols_inherit tablets-cols_inherit mobiles-cols_1 valign_top type_default stacking_default\" style=\"--gap:3.5rem;\"><div class=\"wpb_column vc_column_container\"><div class=\"vc_column-inner\"><h3 class=\"w-text\"><span class=\"w-text-h\"><span class=\"w-text-value\">Sediul central<\/span><\/span><\/h3><div class=\"wpb_text_column\"><div class=\"wpb_wrapper\"><p>Karolou Ntel. Thesaliniki. Grecce<\/p>\n<\/div><\/div><\/div><\/div><div class=\"wpb_column vc_column_container\"><div class=\"vc_column-inner\"><h3 class=\"w-text\"><span class=\"w-text-h\"><span class=\"w-text-value\">E-mail<\/span><\/span><\/h3><div class=\"wpb_text_column\"><div class=\"wpb_wrapper\"><p><a href=\"mailto:manager@petra-online.gr\" target=\"_blank\" rel=\"noopener\">manager@petra-online.gr<\/a><\/p>\n<p><a href=\"mailto:sales@petra-online.gr\" target=\"_blank\" rel=\"noopener\">sales@petra-online.gr<\/a><\/p>\n<p><a href=\"mailto:marketing@petra-online.gr\">marketing@petra-online.gr<\/a><\/p>\n<\/div><\/div><\/div><\/div><div class=\"wpb_column vc_column_container\"><div class=\"vc_column-inner\"><h3 class=\"w-text\"><span class=\"w-text-h\"><span class=\"w-text-value\">Ore de lucru<\/span><\/span><\/h3><div class=\"wpb_text_column\"><div class=\"wpb_wrapper\"><p>Luni \u2013 Joi 10:00 \u2013 19:00<br \/>\nS\u00e2mb\u0103t\u0103 17:00 \u2013 19:00<br \/>\nDuminic\u0103 8:30 \u2013 13:00<\/p>\n<\/div><\/div><\/div><\/div><div class=\"wpb_column vc_column_container\"><div class=\"vc_column-inner\"><h3 class=\"w-text\"><span class=\"w-text-h\"><span class=\"w-text-value\">Telefon<\/span><\/span><\/h3><div class=\"wpb_text_column\"><div class=\"wpb_wrapper\"><p>0040770171245<\/p>\n<\/div><\/div><\/div><\/div><\/div><\/div><\/section><section class=\"l-section wpb_row height_custom\"><div class=\"l-section-h i-cf\"><div class=\"g-cols vc_row via_grid cols_1 laptops-cols_inherit tablets-cols_inherit mobiles-cols_1 valign_top type_default stacking_default\"><div class=\"wpb_column vc_column_container\"><div class=\"vc_column-inner\"><div class=\"w-map provider_google\" id=\"us_map_1\"><div class=\"w-map-inner\"><div class=\"w-map-json\" onclick='return {&quot;address&quot;:&quot;40.6330467655372, 22.94357379536172&quot;,&quot;disableDragging&quot;:0,&quot;disableZoom&quot;:0,&quot;hideControls&quot;:0,&quot;zoom&quot;:14,&quot;markers&quot;:[{&quot;address&quot;:&quot;40.6330467655372, 22.94357379536172&quot;,&quot;html&quot;:&quot;&lt;h6&gt;Hey, we are here!&lt;\\\/h6&gt;&lt;p&gt;We will be glad to see you in our office.&lt;\\\/p&gt;&quot;,&quot;infowindow&quot;:&quot;1&quot;},{&quot;address&quot;:&quot;Karolou Ntel. Thesaliniki. Grecce&quot;,&quot;html&quot;:&quot;Karolou Ntel. Thesaliniki. Grecce&quot;,&quot;marker_img&quot;:null,&quot;marker_size&quot;:[&quot;30&quot;,&quot;30&quot;]}],&quot;maptype&quot;:&quot;ROADMAP&quot;}'><\/div><\/div><\/div><\/div><\/div><\/div><\/div><\/section>\n","protected":false},"excerpt":{"rendered":"Despre PetraonlineCu o experien\u021b\u0103 de 25 de ani, compania Olimpic Construct se num\u0103r\u0103 printre cei mai mari distribuitori de piatr\u0103 natural\u0103 din Rom\u00e2nia. Select\u0103m, import\u0103m, prelucr\u0103m piatra de cea mai bun\u0103 rezisten\u021b\u0103 \u0219i calitate din locuri renumite din lume. \u00a0 Olimpic Construct colaboreaz\u0103 cu produc\u0103tori din Grecia, Italia, Turcia, Egipt, Iran, Brazilia, India etc. \u00a0...","protected":false},"author":11,"featured_media":0,"parent":0,"menu_order":0,"comment_status":"closed","ping_status":"closed","template":"","meta":{"_joinchat":[],"footnotes":""},"class_list":["post-9578","page","type-page","status-publish","hentry"],"yoast_head":"<!-- This site is optimized with the Yoast SEO plugin v24.4 - https:\/\/yoast.com\/wordpress\/plugins\/seo\/ -->\n<title>Despre noi - Petra Online<\/title>\n<meta name=\"robots\" content=\"index, follow, max-snippet:-1, max-image-preview:large, max-video-preview:-1\" \/>\n<link rel=\"canonical\" href=\"https:\/\/petra-online.gr\/ro\/despre-noi\/\" \/>\n<meta property=\"og:locale\" content=\"ro_RO\" \/>\n<meta property=\"og:type\" content=\"article\" \/>\n<meta property=\"og:title\" content=\"Despre noi - Petra Online\" \/>\n<meta property=\"og:url\" content=\"https:\/\/petra-online.gr\/ro\/despre-noi\/\" \/>\n<meta property=\"og:site_name\" content=\"Petra Online\" \/>\n<meta property=\"article:modified_time\" content=\"2025-02-10T17:49:28+00:00\" \/>\n<meta name=\"twitter:card\" content=\"summary_large_image\" \/>\n<meta name=\"twitter:label1\" content=\"Timp estimat pentru citire\" \/>\n\t<meta name=\"twitter:data1\" content=\"5 minute\" \/>\n<script type=\"application\/ld+json\" class=\"yoast-schema-graph\">{\"@context\":\"https:\/\/schema.org\",\"@graph\":[{\"@type\":\"WebPage\",\"@id\":\"https:\/\/petra-online.gr\/ro\/despre-noi\/\",\"url\":\"https:\/\/petra-online.gr\/ro\/despre-noi\/\",\"name\":\"Despre noi - Petra Online\",\"isPartOf\":{\"@id\":\"https:\/\/petra-online.gr\/#website\"},\"datePublished\":\"2024-04-13T08:05:51+00:00\",\"dateModified\":\"2025-02-10T17:49:28+00:00\",\"breadcrumb\":{\"@id\":\"https:\/\/petra-online.gr\/ro\/despre-noi\/#breadcrumb\"},\"inLanguage\":\"ro-RO\",\"potentialAction\":[{\"@type\":\"ReadAction\",\"target\":[\"https:\/\/petra-online.gr\/ro\/despre-noi\/\"]}]},{\"@type\":\"BreadcrumbList\",\"@id\":\"https:\/\/petra-online.gr\/ro\/despre-noi\/#breadcrumb\",\"itemListElement\":[{\"@type\":\"ListItem\",\"position\":1,\"name\":\"Home\",\"item\":\"https:\/\/petra-online.gr\/ro\/\"},{\"@type\":\"ListItem\",\"position\":2,\"name\":\"Despre noi\"}]},{\"@type\":\"WebSite\",\"@id\":\"https:\/\/petra-online.gr\/#website\",\"url\":\"https:\/\/petra-online.gr\/\",\"name\":\"Petra Online\",\"description\":\"Stones Processing Company\",\"potentialAction\":[{\"@type\":\"SearchAction\",\"target\":{\"@type\":\"EntryPoint\",\"urlTemplate\":\"https:\/\/petra-online.gr\/?s={search_term_string}\"},\"query-input\":{\"@type\":\"PropertyValueSpecification\",\"valueRequired\":true,\"valueName\":\"search_term_string\"}}],\"inLanguage\":\"ro-RO\"}]}<\/script>\n<!-- \/ Yoast SEO plugin. -->","yoast_head_json":{"title":"Despre noi - Petra Online","robots":{"index":"index","follow":"follow","max-snippet":"max-snippet:-1","max-image-preview":"max-image-preview:large","max-video-preview":"max-video-preview:-1"},"canonical":"https:\/\/petra-online.gr\/ro\/despre-noi\/","og_locale":"ro_RO","og_type":"article","og_title":"Despre noi - Petra Online","og_url":"https:\/\/petra-online.gr\/ro\/despre-noi\/","og_site_name":"Petra Online","article_modified_time":"2025-02-10T17:49:28+00:00","twitter_card":"summary_large_image","twitter_misc":{"Timp estimat pentru citire":"5 minute"},"schema":{"@context":"https:\/\/schema.org","@graph":[{"@type":"WebPage","@id":"https:\/\/petra-online.gr\/ro\/despre-noi\/","url":"https:\/\/petra-online.gr\/ro\/despre-noi\/","name":"Despre noi - Petra Online","isPartOf":{"@id":"https:\/\/petra-online.gr\/#website"},"datePublished":"2024-04-13T08:05:51+00:00","dateModified":"2025-02-10T17:49:28+00:00","breadcrumb":{"@id":"https:\/\/petra-online.gr\/ro\/despre-noi\/#breadcrumb"},"inLanguage":"ro-RO","potentialAction":[{"@type":"ReadAction","target":["https:\/\/petra-online.gr\/ro\/despre-noi\/"]}]},{"@type":"BreadcrumbList","@id":"https:\/\/petra-online.gr\/ro\/despre-noi\/#breadcrumb","itemListElement":[{"@type":"ListItem","position":1,"name":"Home","item":"https:\/\/petra-online.gr\/ro\/"},{"@type":"ListItem","position":2,"name":"Despre noi"}]},{"@type":"WebSite","@id":"https:\/\/petra-online.gr\/#website","url":"https:\/\/petra-online.gr\/","name":"Petra Online","description":"Stones Processing Company","potentialAction":[{"@type":"SearchAction","target":{"@type":"EntryPoint","urlTemplate":"https:\/\/petra-online.gr\/?s={search_term_string}"},"query-input":{"@type":"PropertyValueSpecification","valueRequired":true,"valueName":"search_term_string"}}],"inLanguage":"ro-RO"}]}},"_links":{"self":[{"href":"https:\/\/petra-online.gr\/ro\/wp-json\/wp\/v2\/pages\/9578"}],"collection":[{"href":"https:\/\/petra-online.gr\/ro\/wp-json\/wp\/v2\/pages"}],"about":[{"href":"https:\/\/petra-online.gr\/ro\/wp-json\/wp\/v2\/types\/page"}],"author":[{"embeddable":true,"href":"https:\/\/petra-online.gr\/ro\/wp-json\/wp\/v2\/users\/11"}],"replies":[{"embeddable":true,"href":"https:\/\/petra-online.gr\/ro\/wp-json\/wp\/v2\/comments?post=9578"}],"version-history":[{"count":5,"href":"https:\/\/petra-online.gr\/ro\/wp-json\/wp\/v2\/pages\/9578\/revisions"}],"predecessor-version":[{"id":13876,"href":"https:\/\/petra-online.gr\/ro\/wp-json\/wp\/v2\/pages\/9578\/revisions\/13876"}],"wp:attachment":[{"href":"https:\/\/petra-online.gr\/ro\/wp-json\/wp\/v2\/media?parent=9578"}],"curies":[{"name":"wp","href":"https:\/\/api.w.org\/{rel}","templated":true}]}}