{"id":9574,"date":"2024-04-13T08:05:51","date_gmt":"2024-04-13T08:05:51","guid":{"rendered":"https:\/\/petra-online.gr\/uber-uns\/"},"modified":"2024-04-30T07:34:32","modified_gmt":"2024-04-30T07:34:32","slug":"uber-uns","status":"publish","type":"page","link":"https:\/\/petra-online.gr\/de\/uber-uns\/","title":{"rendered":"\u00dcber uns"},"content":{"rendered":"<section class=\"l-section wpb_row height_custom\"><div class=\"l-section-h i-cf\"><div class=\"g-cols vc_row via_grid cols_1 laptops-cols_inherit tablets-cols_inherit mobiles-cols_1 valign_top type_default stacking_default\" style=\"--gap:6rem;\"><div class=\"wpb_column vc_column_container\"><div class=\"vc_column-inner\"><div class=\"g-cols wpb_row via_grid cols_3-2 laptops-cols_inherit tablets-cols_inherit mobiles-cols_1 valign_top type_default stacking_default\" style=\"--gap:5.2rem;\"><div class=\"wpb_column vc_column_container\"><div class=\"vc_column-inner\"><h2 class=\"w-text\"><span class=\"w-text-h\"><span class=\"w-text-value\">\u00dcber Petraonline<\/span><\/span><\/h2><div class=\"wpb_text_column us_custom_5082b6b2\"><div class=\"wpb_wrapper\"><div dir=\"auto\">Mit einer Erfahrung von 25 Jahren geh\u00f6rt das Unternehmen Olimpic Construct zu den gr\u00f6\u00dften Natursteinh\u00e4ndlern in Rum\u00e4nien. Wir w\u00e4hlen, importieren und verarbeiten den Stein mit der besten Best\u00e4ndigkeit und Qualit\u00e4t aus ber\u00fchmten Orten auf der Welt.<\/div>\n<div dir=\"auto\"><\/div>\n<div dir=\"auto\">Olimpic Construct arbeitet mit Produzenten aus Griechenland, Italien, der T\u00fcrkei, \u00c4gypten, dem Iran, Brasilien, Indien usw. zusammen.<\/div>\n<div dir=\"auto\"><\/div>\n<div dir=\"auto\">Die Seriosit\u00e4t, mit der wir jeden Kunden behandeln, egal ob Fachspezialist oder einfacher Leistungsempf\u00e4nger, empfiehlt uns als langfristigen Partner.<\/div>\n<div dir=\"auto\"><\/div>\n<div dir=\"auto\">Stein \u2013 das ewige Mineral der Natur in seinem reinen Zustand wartet darauf, von inspirierten K\u00f6pfen und geschickten H\u00e4nden gez\u00e4hmt, poliert und enth\u00fcllt zu werden.<\/div>\n<div dir=\"auto\"><\/div>\n<div dir=\"auto\">Wir m\u00f6chten das Potenzial von Stein aussch\u00f6pfen, indem wir die R\u00e4ume, in denen wir leben, arbeiten oder entspannen, durch die Bereitstellung von mehr als 200 Materialarten ver\u00e4ndern. Es gibt keine Grenzen und Kompromisse, Hand und Inspiration geben Leben.<\/div>\n<div dir=\"auto\"><\/div>\n<div dir=\"auto\">Olimpic Construct bietet Unterst\u00fctzung ab dem Moment Ihrer Kontaktaufnahme und hilft Ihnen so, die beste Entscheidung zu treffen. Wir hei\u00dfen unsere Kunden willkommen, indem wir Schneid-, Form- und Endbearbeitungsdienste, f\u00fcr die Montage und Bearbeitung notwendiges Zubeh\u00f6r (Kleber, Fugenkitt, Steinl\u00f6sungen) sowie den Transport von Produkten anbieten.<\/div>\n<div dir=\"auto\"><\/div>\n<div dir=\"auto\">PETRAONLINE war schon immer eine Quelle neuer Ideen und innovativer L\u00f6sungen, zu der neugierige Menschen kommen, um etwas zu bewegen. Aber das Ausma\u00df und die Dringlichkeit der Herausforderungen, vor denen wir heute stehen, erfordern, dass Stanford das verst\u00e4rkt, was uns in der Vergangenheit erfolgreich gemacht hat, und neue Wege definiert, um etwas zu bewirken. Wir erweitern die Entdeckungsm\u00f6glichkeiten in allen Bereichen und schaffen gleichzeitig neue Wege, um Wissen dort anzuwenden, wo es auf der Welt ben\u00f6tigt wird. Gleichzeitig stellen wir sicher, dass neue Ideen auf ethischen Grunds\u00e4tzen basieren und L\u00f6sungen aus unterschiedlichen Perspektiven entstehen.<\/div>\n<\/div><\/div><\/div><\/div><div class=\"wpb_column vc_column_container\"><div class=\"vc_column-inner\"><div class=\"w-image align_none\"><div class=\"w-image-h\"><img decoding=\"async\" width=\"398\" height=\"357\" src=\"https:\/\/petra-online.gr\/wp-content\/uploads\/2024\/04\/logo-petra.png\" class=\"attachment-full size-full\" alt=\"\" loading=\"lazy\" srcset=\"https:\/\/petra-online.gr\/wp-content\/uploads\/2024\/04\/logo-petra.png 398w, https:\/\/petra-online.gr\/wp-content\/uploads\/2024\/04\/logo-petra-300x269.png 300w\" sizes=\"(max-width: 398px) 100vw, 398px\" \/><\/div><\/div><\/div><\/div><\/div><div class=\"wpb_text_column us_custom_5082b6b2\"><div class=\"wpb_wrapper\"><h3 dir=\"auto\"><\/h3>\n<h3 dir=\"auto\"><strong>Unsere Vision<\/strong><\/h3>\n<div dir=\"auto\">Unsere Vision leitet den Ansatz von Stanford in Bezug auf Forschung, Technologie und Wirkung und umfasst neue Initiativen, die die Schaffung und Anwendung von Wissen beschleunigen, Forschung und Bildung in Ethik und b\u00fcrgerschaftlicher Verantwortung verankern und den Zugang und die Inklusion in allen unseren Aktivit\u00e4ten f\u00f6rdern. Und es erkennt die Notwendigkeit an, tiefere Partnerschaften in unserer Gemeinschaft und in der Welt zu kn\u00fcpfen, um Ideen in die Tat umzusetzen.<\/div>\n<\/div><\/div><\/div><\/div><\/div><\/div><\/section><section class=\"l-section wpb_row height_auto\"><div class=\"l-section-h i-cf\"><div class=\"g-cols vc_row via_grid cols_2 laptops-cols_inherit tablets-cols_1 mobiles-cols_1 valign_middle type_default stacking_default\" style=\"--gap:0rem;\"><div class=\"wpb_column vc_column_container us_custom_5a304fb7 hide_on_tablets hide_on_mobiles has_bg_color\"><div class=\"vc_column-inner\"><\/div><\/div><div class=\"wpb_column vc_column_container us_custom_8e076a1a has_text_color has_bg_color\"><div class=\"vc_column-inner\"><div class=\"wpb_text_column\"><div class=\"wpb_wrapper\"><h3>Haben Sie eine Frage an uns? Waren hier.<\/h3>\n<\/div><\/div><div class=\"w-separator size_custom\" style=\"height:40px\"><\/div><form class=\"w-form  layout_ver for_cform us_form_1\" autocomplete=\"off\" action=\"https:\/\/petra-online.gr\/de\/wp-json\/wp\/v2\/pages\/9574\" method=\"post\"><div class=\"w-form-h\"><div class=\"w-form-row for_text required\">\r\n\t\t<div class=\"w-form-row-field\">\r\n\t\t\t\t\t\t<input aria-label=\"Your Name...\" type=\"text\" name=\"us_form_1_text_1\" value placeholder=\"Your Name... *\" data-required=\"true\" aria-required=\"true\"\/>\r\n\t\t\t<\/div>\r\n\t\t<div class=\"w-form-row-state\">Bitte f\u00fcllen Sie dieses Feld aus.<\/div>\r\n<\/div>\r\n<div class=\"w-form-row for_text required\">\r\n\t\t<div class=\"w-form-row-field\">\r\n\t\t\t\t\t\t<input aria-label=\"Your Number...\" type=\"text\" name=\"us_form_1_text_2\" value placeholder=\"Your Number... *\" data-required=\"true\" aria-required=\"true\"\/>\r\n\t\t\t<\/div>\r\n\t\t<div class=\"w-form-row-state\">Bitte f\u00fcllen Sie dieses Feld aus.<\/div>\r\n<\/div>\r\n<div class=\"w-form-row for_textarea\">\r\n\t\t<div class=\"w-form-row-field\">\r\n\t\t\t\t\t\t<textarea aria-label=\"Message...\" name=\"us_form_1_textarea_1\" placeholder=\"Message...\"><\/textarea>\r\n\t\t\t<\/div>\r\n\t\t<div class=\"w-form-row-state\">Bitte f\u00fcllen Sie dieses Feld aus.<\/div>\r\n<\/div>\r\n<input type=\"hidden\" name=\"action\" value=\"us_ajax_cform\" \/>\r\n<input type=\"hidden\" name=\"post_id\" value=\"0\" \/>\r\n<input type=\"hidden\" name=\"form_index\" value=\"1\" \/>\r\n<div class=\"w-form-row for_submit align_justify\">\r\n\t<button class=\"w-btn  us-btn-style_4\" aria-label=\"Send Message\" type=\"submit\">\r\n\t\t<span class=\"g-preloader type_1\"><\/span>\r\n\t\t\t\t<span class=\"w-btn-label\">Send Message<\/span>\r\n\t\t\t<\/button>\r\n\t<\/div>\r\n<\/div><div class=\"w-form-message\"><\/div><div class=\"w-form-json hidden\" onclick='return {&quot;ajaxurl&quot;:&quot;https:\\\/\\\/petra-online.gr\\\/wp-admin\\\/admin-ajax.php&quot;,&quot;messages&quot;:{&quot;err_empty&quot;:&quot;Bitte f\\u00fcllen Sie dieses Feld aus.&quot;,&quot;err_size&quot;:&quot;Die Dateigr\\u00f6\\u00dfe darf %s MB nicht \\u00fcberschreiten&quot;,&quot;err_extension&quot;:&quot;Dateityp %s ist nicht zul\\u00e4ssig&quot;}}'><\/div><\/form><\/div><\/div><\/div><\/div><\/section><section class=\"l-section wpb_row us_custom_d85fca8a height_custom\"><div class=\"l-section-h i-cf\"><div class=\"g-cols vc_row via_grid cols_4 laptops-cols_inherit tablets-cols_inherit mobiles-cols_1 valign_top type_default stacking_default\" style=\"--gap:3.5rem;\"><div class=\"wpb_column vc_column_container\"><div class=\"vc_column-inner\"><h3 class=\"w-text\"><span class=\"w-text-h\"><span class=\"w-text-value\">Hauptsitz<\/span><\/span><\/h3><div class=\"wpb_text_column\"><div class=\"wpb_wrapper\"><p>Karolou Ntel. Thesaliniki. Grecce<\/p>\n<\/div><\/div><\/div><\/div><div class=\"wpb_column vc_column_container\"><div class=\"vc_column-inner\"><h3 class=\"w-text\"><span class=\"w-text-h\"><span class=\"w-text-value\">Email<\/span><\/span><\/h3><div class=\"wpb_text_column\"><div class=\"wpb_wrapper\"><p><a href=\"mailto:manager@petra-online.gr\" target=\"_blank\" rel=\"noopener\">manager@petra-online.gr<\/a><\/p>\n<p><a href=\"mailto:sales@petra-online.gr\" target=\"_blank\" rel=\"noopener\">sales@petra-online.gr<\/a><\/p>\n<p><a href=\"mailto:marketing@petra-online.gr\">marketing@petra-online.gr<\/a><\/p>\n<\/div><\/div><\/div><\/div><div class=\"wpb_column vc_column_container\"><div class=\"vc_column-inner\"><h3 class=\"w-text\"><span class=\"w-text-h\"><span class=\"w-text-value\">Arbeitszeit<\/span><\/span><\/h3><div class=\"wpb_text_column\"><div class=\"wpb_wrapper\"><p>Montag \u2013 Donnerstag 10:00 \u2013 19:00 Uhr<br \/>\nSamstag 17:00\u201319:00 Uhr<br \/>\nSonntag 8:30 \u2013 13:00 Uhr<\/p>\n<\/div><\/div><\/div><\/div><div class=\"wpb_column vc_column_container\"><div class=\"vc_column-inner\"><h3 class=\"w-text\"><span class=\"w-text-h\"><span class=\"w-text-value\">Telefon<\/span><\/span><\/h3><div class=\"wpb_text_column\"><div class=\"wpb_wrapper\"><p>0040770171245<\/p>\n<\/div><\/div><\/div><\/div><\/div><\/div><\/section><section class=\"l-section wpb_row height_custom\"><div class=\"l-section-h i-cf\"><div class=\"g-cols vc_row via_grid cols_1 laptops-cols_inherit tablets-cols_inherit mobiles-cols_1 valign_top type_default stacking_default\"><div class=\"wpb_column vc_column_container\"><div class=\"vc_column-inner\"><div class=\"w-map provider_google\" id=\"us_map_1\"><div class=\"w-map-inner\"><div class=\"w-map-json\" onclick='return {&quot;address&quot;:&quot;40.6330467655372, 22.94357379536172&quot;,&quot;disableDragging&quot;:0,&quot;disableZoom&quot;:0,&quot;hideControls&quot;:0,&quot;zoom&quot;:14,&quot;markers&quot;:[{&quot;address&quot;:&quot;40.6330467655372, 22.94357379536172&quot;,&quot;html&quot;:&quot;&lt;h6&gt;Hey, we are here!&lt;\\\/h6&gt;&lt;p&gt;We will be glad to see you in our office.&lt;\\\/p&gt;&quot;,&quot;infowindow&quot;:&quot;1&quot;},{&quot;address&quot;:&quot;Karolou Ntel. Thesaliniki. Grecce&quot;,&quot;html&quot;:&quot;Karolou Ntel. Thesaliniki. Grecce&quot;,&quot;marker_img&quot;:null,&quot;marker_size&quot;:[&quot;30&quot;,&quot;30&quot;]}],&quot;maptype&quot;:&quot;ROADMAP&quot;}'><\/div><\/div><\/div><\/div><\/div><\/div><\/div><\/section>\n","protected":false},"excerpt":{"rendered":"\u00dcber PetraonlineMit einer Erfahrung von 25 Jahren geh\u00f6rt das Unternehmen Olimpic Construct zu den gr\u00f6\u00dften Natursteinh\u00e4ndlern in Rum\u00e4nien. Wir w\u00e4hlen, importieren und verarbeiten den Stein mit der besten Best\u00e4ndigkeit und Qualit\u00e4t aus ber\u00fchmten Orten auf der Welt. Olimpic Construct arbeitet mit Produzenten aus Griechenland, Italien, der T\u00fcrkei, \u00c4gypten, dem Iran, Brasilien, Indien usw. zusammen. Die...","protected":false},"author":11,"featured_media":0,"parent":0,"menu_order":0,"comment_status":"closed","ping_status":"closed","template":"","meta":{"_joinchat":[],"footnotes":""},"class_list":["post-9574","page","type-page","status-publish","hentry"],"yoast_head":"<!-- This site is optimized with the Yoast SEO plugin v24.4 - https:\/\/yoast.com\/wordpress\/plugins\/seo\/ -->\n<title>\u00dcber uns - Petra Online<\/title>\n<meta name=\"robots\" content=\"index, follow, max-snippet:-1, max-image-preview:large, max-video-preview:-1\" \/>\n<link rel=\"canonical\" href=\"https:\/\/petra-online.gr\/de\/uber-uns\/\" \/>\n<meta property=\"og:locale\" content=\"de_DE\" \/>\n<meta property=\"og:type\" content=\"article\" \/>\n<meta property=\"og:title\" content=\"\u00dcber uns - Petra Online\" \/>\n<meta property=\"og:url\" content=\"https:\/\/petra-online.gr\/de\/uber-uns\/\" \/>\n<meta property=\"og:site_name\" content=\"Petra Online\" \/>\n<meta property=\"article:modified_time\" content=\"2024-04-30T07:34:32+00:00\" \/>\n<meta name=\"twitter:card\" content=\"summary_large_image\" \/>\n<meta name=\"twitter:label1\" content=\"Gesch\u00e4tzte Lesezeit\" \/>\n\t<meta name=\"twitter:data1\" content=\"5\u00a0Minuten\" \/>\n<script type=\"application\/ld+json\" class=\"yoast-schema-graph\">{\"@context\":\"https:\/\/schema.org\",\"@graph\":[{\"@type\":\"WebPage\",\"@id\":\"https:\/\/petra-online.gr\/de\/uber-uns\/\",\"url\":\"https:\/\/petra-online.gr\/de\/uber-uns\/\",\"name\":\"\u00dcber uns - Petra Online\",\"isPartOf\":{\"@id\":\"https:\/\/petra-online.gr\/#website\"},\"datePublished\":\"2024-04-13T08:05:51+00:00\",\"dateModified\":\"2024-04-30T07:34:32+00:00\",\"breadcrumb\":{\"@id\":\"https:\/\/petra-online.gr\/de\/uber-uns\/#breadcrumb\"},\"inLanguage\":\"de\",\"potentialAction\":[{\"@type\":\"ReadAction\",\"target\":[\"https:\/\/petra-online.gr\/de\/uber-uns\/\"]}]},{\"@type\":\"BreadcrumbList\",\"@id\":\"https:\/\/petra-online.gr\/de\/uber-uns\/#breadcrumb\",\"itemListElement\":[{\"@type\":\"ListItem\",\"position\":1,\"name\":\"Home\",\"item\":\"https:\/\/petra-online.gr\/de\/start-seite\/\"},{\"@type\":\"ListItem\",\"position\":2,\"name\":\"\u00dcber uns\"}]},{\"@type\":\"WebSite\",\"@id\":\"https:\/\/petra-online.gr\/#website\",\"url\":\"https:\/\/petra-online.gr\/\",\"name\":\"Petra Online\",\"description\":\"Stones Processing Company\",\"potentialAction\":[{\"@type\":\"SearchAction\",\"target\":{\"@type\":\"EntryPoint\",\"urlTemplate\":\"https:\/\/petra-online.gr\/?s={search_term_string}\"},\"query-input\":{\"@type\":\"PropertyValueSpecification\",\"valueRequired\":true,\"valueName\":\"search_term_string\"}}],\"inLanguage\":\"de\"}]}<\/script>\n<!-- \/ Yoast SEO plugin. -->","yoast_head_json":{"title":"\u00dcber uns - Petra Online","robots":{"index":"index","follow":"follow","max-snippet":"max-snippet:-1","max-image-preview":"max-image-preview:large","max-video-preview":"max-video-preview:-1"},"canonical":"https:\/\/petra-online.gr\/de\/uber-uns\/","og_locale":"de_DE","og_type":"article","og_title":"\u00dcber uns - Petra Online","og_url":"https:\/\/petra-online.gr\/de\/uber-uns\/","og_site_name":"Petra Online","article_modified_time":"2024-04-30T07:34:32+00:00","twitter_card":"summary_large_image","twitter_misc":{"Gesch\u00e4tzte Lesezeit":"5\u00a0Minuten"},"schema":{"@context":"https:\/\/schema.org","@graph":[{"@type":"WebPage","@id":"https:\/\/petra-online.gr\/de\/uber-uns\/","url":"https:\/\/petra-online.gr\/de\/uber-uns\/","name":"\u00dcber uns - Petra Online","isPartOf":{"@id":"https:\/\/petra-online.gr\/#website"},"datePublished":"2024-04-13T08:05:51+00:00","dateModified":"2024-04-30T07:34:32+00:00","breadcrumb":{"@id":"https:\/\/petra-online.gr\/de\/uber-uns\/#breadcrumb"},"inLanguage":"de","potentialAction":[{"@type":"ReadAction","target":["https:\/\/petra-online.gr\/de\/uber-uns\/"]}]},{"@type":"BreadcrumbList","@id":"https:\/\/petra-online.gr\/de\/uber-uns\/#breadcrumb","itemListElement":[{"@type":"ListItem","position":1,"name":"Home","item":"https:\/\/petra-online.gr\/de\/start-seite\/"},{"@type":"ListItem","position":2,"name":"\u00dcber uns"}]},{"@type":"WebSite","@id":"https:\/\/petra-online.gr\/#website","url":"https:\/\/petra-online.gr\/","name":"Petra Online","description":"Stones Processing Company","potentialAction":[{"@type":"SearchAction","target":{"@type":"EntryPoint","urlTemplate":"https:\/\/petra-online.gr\/?s={search_term_string}"},"query-input":{"@type":"PropertyValueSpecification","valueRequired":true,"valueName":"search_term_string"}}],"inLanguage":"de"}]}},"_links":{"self":[{"href":"https:\/\/petra-online.gr\/de\/wp-json\/wp\/v2\/pages\/9574"}],"collection":[{"href":"https:\/\/petra-online.gr\/de\/wp-json\/wp\/v2\/pages"}],"about":[{"href":"https:\/\/petra-online.gr\/de\/wp-json\/wp\/v2\/types\/page"}],"author":[{"embeddable":true,"href":"https:\/\/petra-online.gr\/de\/wp-json\/wp\/v2\/users\/11"}],"replies":[{"embeddable":true,"href":"https:\/\/petra-online.gr\/de\/wp-json\/wp\/v2\/comments?post=9574"}],"version-history":[{"count":1,"href":"https:\/\/petra-online.gr\/de\/wp-json\/wp\/v2\/pages\/9574\/revisions"}],"predecessor-version":[{"id":9575,"href":"https:\/\/petra-online.gr\/de\/wp-json\/wp\/v2\/pages\/9574\/revisions\/9575"}],"wp:attachment":[{"href":"https:\/\/petra-online.gr\/de\/wp-json\/wp\/v2\/media?parent=9574"}],"curies":[{"name":"wp","href":"https:\/\/api.w.org\/{rel}","templated":true}]}}